{"id":2,"date":"2025-10-31T16:39:32","date_gmt":"2025-10-31T16:39:32","guid":{"rendered":"http:\/\/www.floristeriabonsai.es\/?page_id=2"},"modified":"2025-11-11T16:40:37","modified_gmt":"2025-11-11T16:40:37","slug":"sample-page","status":"publish","type":"page","link":"https:\/\/www.floristeriabonsai.es\/es\/","title":{"rendered":"Inicio"},"content":{"rendered":"<div class=\"wp-block-uagb-container uagb-block-b4aa36b7 alignfull uagb-is-root-container\"><div class=\"uagb-container-inner-blocks-wrap\">\n<div class=\"wp-block-uagb-container uagb-block-766b8011\">\n<div class=\"wp-block-uagb-advanced-heading uagb-block-f5757496\"><h2 class=\"uagb-heading-text\">Flores frescas, emociones eternas entregas a domicilio en Lleida y en todo el mundo<\/h2><\/div>\n<\/div>\n<\/div><\/div>\n\n\n\n<div class=\"wp-block-uagb-container uagb-block-f4dd7e86 alignfull uagb-is-root-container\"><div class=\"uagb-container-inner-blocks-wrap\">\n<div class=\"wp-block-uagb-container uagb-block-77e57722\">\n<div class=\"wp-block-uagb-advanced-heading uagb-block-d83fa011\"><h2 class=\"uagb-heading-text\">\u00bfQui\u00e9nes somos?<\/h2><\/div>\n\n\n\n<p class=\"has-text-align-center\" style=\"margin-top:0;margin-bottom:0\">Somos una florister\u00eda familiar de Lleida que abri\u00f3 sus puertas en 1986. A lo largo de los a\u00f1os hemos crecido y ampliado nuestras instalaciones para ofrecer siempre el mejor servicio a nuestros clientes.<\/p>\n\n\n\n<p class=\"has-text-align-center\" style=\"margin-top:0;margin-bottom:0\">Nos apasiona el arte floral, por eso nos formamos continuamente para estar al d\u00eda en t\u00e9cnicas y tendencias. Hacemos todo tipo de trabajos florales: ramos, decoraciones para eventos, detalles personales y servicios funerarios.<\/p>\n\n\n\n<p class=\"has-text-align-center translation-block\" style=\"margin-top:0;margin-bottom:0\">Tambi\u00e9n ofrecemos <strong>entregas a domicilio<\/strong>, tanto a nivel local como internacional.<\/p>\n<\/div>\n\n\n\n<div class=\"wp-block-uagb-container uagb-block-6a420647\">\n<div class=\"wp-block-uagb-image uagb-block-2d052d70 wp-block-uagb-image--layout-default wp-block-uagb-image--effect-static wp-block-uagb-image--align-none\"><figure class=\"wp-block-uagb-image__figure\"><img decoding=\"async\" srcset=\"https:\/\/www.floristeriabonsai.es\/wp-content\/uploads\/2025\/11\/FachadaBonsai.webp ,https:\/\/www.floristeriabonsai.es\/wp-content\/uploads\/2025\/11\/FachadaBonsai.webp 780w, https:\/\/www.floristeriabonsai.es\/wp-content\/uploads\/2025\/11\/FachadaBonsai.webp 360w\" sizes=\"auto, (max-width: 480px) 150px\" src=\"https:\/\/www.floristeriabonsai.es\/wp-content\/uploads\/2025\/11\/FachadaBonsai.webp\" alt=\"\" class=\"uag-image-19\" width=\"800\" height=\"400\" title=\"FachadaBonsai\" loading=\"lazy\" role=\"img\"\/><\/figure><\/div>\n<\/div>\n<\/div><\/div>\n\n\n\n<div class=\"wp-block-uagb-container uagb-block-4c28723d alignfull uagb-is-root-container\"><div class=\"uagb-container-inner-blocks-wrap\">\n<div class=\"wp-block-uagb-container uagb-block-0bfa4177\">\n<div class=\"wp-block-uagb-advanced-heading uagb-block-fb95c421\"><h2 class=\"uagb-heading-text\"><strong>Bonsai<\/strong><\/h2><\/div>\n\n\n\n<p class=\"has-text-align-center\" style=\"margin-top:0;margin-bottom:0\">El bons\u00e1i es mucho m\u00e1s que una planta: es una prenda viva que combina arte, paciencia y equilibrio.<\/p>\n\n\n\n<p class=\"has-text-align-center\" style=\"margin-top:0;margin-bottom:0\">Contamos con una amplia colecci\u00f3n de bons\u00e1is de interior y exterior, as\u00ed como complementos y accesorios para su cuidado.<\/p>\n\n\n\n<p class=\"has-text-align-center\" style=\"margin-top:0;margin-bottom:0\">Te asesoramos personalmente para ayudarte a encontrar el bons\u00e1i perfecto para ti o hacer un regalo especial<\/p>\n<\/div>\n<\/div><\/div>\n\n\n\n<div class=\"wp-block-uagb-container uagb-block-c7997110 alignfull uagb-is-root-container\"><div class=\"uagb-container-inner-blocks-wrap\">\n<div class=\"wp-block-uagb-container uagb-block-635fd46e\">\n<figure class=\"wp-block-image size-large\"><img loading=\"lazy\" decoding=\"async\" width=\"702\" height=\"1024\" src=\"http:\/\/www.floristeriabonsai.es\/wp-content\/uploads\/2025\/11\/Flors_centres-702x1024.webp\" alt=\"\" class=\"wp-image-34\" srcset=\"https:\/\/www.floristeriabonsai.es\/wp-content\/uploads\/2025\/11\/Flors_centres-702x1024.webp 702w, https:\/\/www.floristeriabonsai.es\/wp-content\/uploads\/2025\/11\/Flors_centres-206x300.webp 206w, https:\/\/www.floristeriabonsai.es\/wp-content\/uploads\/2025\/11\/Flors_centres-768x1120.webp 768w, https:\/\/www.floristeriabonsai.es\/wp-content\/uploads\/2025\/11\/Flors_centres.webp 1000w\" sizes=\"auto, (max-width: 702px) 100vw, 702px\" \/><\/figure>\n<\/div>\n\n\n\n<div class=\"wp-block-uagb-container uagb-block-6087d3ed\">\n<div class=\"wp-block-uagb-info-box uagb-block-0b7cd199 uagb-infobox__content-wrap  uagb-infobox-icon-above-title uagb-infobox-image-valign-top\"><div class=\"uagb-ifb-content\"><div class=\"uagb-ifb-icon-wrap\"><svg xmlns=\"https:\/\/www.w3.org\/2000\/svg\" viewbox=\"0 0 576 512\"><path d=\"M568.3 192c-29 .125-135 6.124-213.9 82.1C321.2 304.7 301 338.3 288 369.9c-13-31.63-33.25-65.25-66.38-94.87C142.8 198.2 36.75 192.2 7.75 192C3.375 192 0 195.4 0 199.9c.25 27.88 7.125 126.2 88.75 199.3C172.8 481 256 479.1 288 479.1s115.2 1.025 199.3-80.85C568.9 326 575.8 227.7 576 199.9C576 195.4 572.6 192 568.3 192zM288 302.6c12.75-18.87 27.62-35.75 44.13-50.5c19-18.62 39.5-33.37 60.25-45.25c-16.5-70.5-51.75-133-96.75-172.3c-4.125-3.5-11-3.5-15.12 0c-45 39.25-80.25 101.6-96.75 172.1c20.37 11.75 40.5 26.12 59.25 44.37C260 266.4 275.1 283.7 288 302.6z\"><\/path><\/svg><\/div><div class=\"uagb-ifb-title-wrap\"><h2 class=\"uagb-ifb-title\">Flores y centros florales<\/h2><\/div><p class=\"uagb-ifb-desc\">Descubre la belleza de nuestras creaciones florales, elaboradas con flores frescas y de calidad. Dise\u00f1amos ramos, centros y composiciones para todo tipo de ocasiones: cumplea\u00f1os, bodas, celebraciones o simplemente para regalar una sonrisa. Tambi\u00e9n ofrecemos flores preservadas y artificiales que mantienen su belleza durante mucho tiempo, ideales para espacios decorativos o detalles especiales.<\/p><\/div><\/div>\n<\/div>\n<\/div><\/div>\n\n\n\n<div class=\"wp-block-uagb-container uagb-block-920f0022 alignfull uagb-is-root-container\"><div class=\"uagb-container-inner-blocks-wrap\">\n<div class=\"wp-block-uagb-container uagb-block-4b08545e\">\n<div class=\"wp-block-uagb-info-box uagb-block-255f5e59 uagb-infobox__content-wrap  uagb-infobox-icon-above-title uagb-infobox-image-valign-top\"><div class=\"uagb-ifb-content\"><div class=\"uagb-ifb-icon-wrap\"><svg xmlns=\"https:\/\/www.w3.org\/2000\/svg\" viewbox=\"0 0 512 512\"><path d=\"M512 165.4c0 127.9-70.05 235.3-175.3 270.1c-20.04 7.938-41.83 12.46-64.69 12.46c-64.9 0-125.2-36.51-155.7-94.47c-54.13 49.93-68.71 107-68.96 108.1C44.72 472.6 34.87 480 24.02 480c-1.844 0-3.727-.2187-5.602-.6562c-12.89-3.098-20.84-16.08-17.75-28.96c9.598-39.5 90.47-226.4 335.3-226.4C344.8 224 352 216.8 352 208S344.8 192 336 192C228.6 192 151 226.6 96.29 267.6c.1934-10.82 1.242-21.84 3.535-33.05c13.47-65.81 66.04-119 131.4-134.2c28.33-6.562 55.68-6.013 80.93-.0054c56 13.32 118.2-7.412 149.3-61.24c5.664-9.828 20.02-9.516 24.66 .8282C502.7 76.76 512 121.9 512 165.4z\"><\/path><\/svg><\/div><div class=\"uagb-ifb-title-wrap\"><h2 class=\"uagb-ifb-title\">Plantas<\/h2><\/div><p class=\"uagb-ifb-desc\">Las plantas naturales aportan vida, frescura y equilibrio a cualquier ambiente. Disponemos de una gran variedad de plantas de interior y exterior, as\u00ed como orqu\u00eddeas, cactus y suculentas de todos los tama\u00f1os. Tambi\u00e9n preparamos composiciones verdes personalizadas, perfectas para decorar el hogar, la oficina o hacer un regalo lleno de naturaleza. Te asesoramos para que encuentres la planta que mejor se adapta a tu espacio y estilo.<\/p><\/div><\/div>\n<\/div>\n\n\n\n<div class=\"wp-block-uagb-container uagb-block-7a12bd36\">\n<figure class=\"wp-block-image size-large\"><img loading=\"lazy\" decoding=\"async\" width=\"851\" height=\"1024\" src=\"http:\/\/www.floristeriabonsai.es\/wp-content\/uploads\/2025\/11\/Plantes-851x1024.webp\" alt=\"\" class=\"wp-image-40\" srcset=\"https:\/\/www.floristeriabonsai.es\/wp-content\/uploads\/2025\/11\/Plantes-851x1024.webp 851w, https:\/\/www.floristeriabonsai.es\/wp-content\/uploads\/2025\/11\/Plantes-249x300.webp 249w, https:\/\/www.floristeriabonsai.es\/wp-content\/uploads\/2025\/11\/Plantes-768x924.webp 768w, https:\/\/www.floristeriabonsai.es\/wp-content\/uploads\/2025\/11\/Plantes.webp 1000w\" sizes=\"auto, (max-width: 851px) 100vw, 851px\" \/><\/figure>\n<\/div>\n<\/div><\/div>\n\n\n\n<div class=\"wp-block-uagb-container uagb-block-f7eabd18 alignfull uagb-is-root-container\"><div class=\"uagb-container-inner-blocks-wrap\">\n<div class=\"wp-block-uagb-container uagb-block-2a879004\">\n<figure class=\"wp-block-image size-full\"><img loading=\"lazy\" decoding=\"async\" width=\"1000\" height=\"901\" src=\"http:\/\/www.floristeriabonsai.es\/wp-content\/uploads\/2025\/11\/Complementos.webp\" alt=\"\" class=\"wp-image-46\" srcset=\"https:\/\/www.floristeriabonsai.es\/wp-content\/uploads\/2025\/11\/Complementos.webp 1000w, https:\/\/www.floristeriabonsai.es\/wp-content\/uploads\/2025\/11\/Complementos-300x270.webp 300w, https:\/\/www.floristeriabonsai.es\/wp-content\/uploads\/2025\/11\/Complementos-768x692.webp 768w\" sizes=\"auto, (max-width: 1000px) 100vw, 1000px\" \/><\/figure>\n<\/div>\n\n\n\n<div class=\"wp-block-uagb-container uagb-block-cba86222\">\n<div class=\"wp-block-uagb-info-box uagb-block-1966d1f5 uagb-infobox__content-wrap  uagb-infobox-icon-above-title uagb-infobox-image-valign-top\"><div class=\"uagb-ifb-content\"><div class=\"uagb-ifb-icon-wrap\"><svg xmlns=\"https:\/\/www.w3.org\/2000\/svg\" viewbox=\"0 0 448 512\"><path d=\"M96 160H48V152C48 68.05 116.1 0 200 0H248C331.9 0 400 68.05 400 152V160H352V152C352 94.56 305.4 48 248 48H200C142.6 48 96 94.56 96 152V160zM.0003 224C.0003 206.3 14.33 192 32 192H416C433.7 192 448 206.3 448 224C448 241.7 433.7 256 416 256H410.9L388.5 469C385.1 493.5 365.4 512 340.8 512H107.2C82.65 512 62.05 493.5 59.48 469L37.05 256H32C14.33 256 0 241.7 0 224H.0003z\"><\/path><\/svg><\/div><div class=\"uagb-ifb-title-wrap\"><h2 class=\"uagb-ifb-title\">Complementos<\/h2><\/div><p class=\"uagb-ifb-desc\">Cada flor o planta merece el complemento perfecto. En nuestra tienda encontrar\u00e1s una amplia selecci\u00f3n de jarrones, macetas, cestas y accesorios decorativos para dar un toque de elegancia y personalidad a tus rincones. Combina estilos, materiales y colores para conseguir una decoraci\u00f3n floral arm\u00f3nica y \u00fanica, adaptada a tu gusto y cada estaci\u00f3n del a\u00f1o.<\/p><\/div><\/div>\n<\/div>\n<\/div><\/div>\n\n\n\n<div class=\"wp-block-uagb-container uagb-block-33bb2ff1 alignfull uagb-is-root-container\"><div class=\"uagb-container-inner-blocks-wrap\">\n<div class=\"wp-block-uagb-info-box uagb-block-8007ff5e uagb-infobox__content-wrap  uagb-infobox-icon-above-title uagb-infobox-image-valign-middle\"><div class=\"uagb-ifb-content\"><div class=\"uagb-ifb-image-content\"><img decoding=\"async\" src=\"http:\/\/www.floristeriabonsai.es\/wp-content\/uploads\/2025\/11\/Envios-150x150.webp\" alt=\"\" width=\"80\" height=\"80\" loading=\"lazy\"\/><\/div><div class=\"uagb-ifb-title-wrap\"><p class=\"uagb-ifb-title\">Hacemos entregas a domicilio en Lleida y en todo el mundo.<\/p><\/div><\/div><\/div>\n<\/div><\/div>","protected":false},"excerpt":{"rendered":"<p>Flors fresques, emocions eternes lliuraments a domicili a Lleida i arreu del m\u00f3n Qui som? Som una floristeria familiar de [&hellip;]<\/p>","protected":false},"author":1,"featured_media":0,"parent":0,"menu_order":0,"comment_status":"closed","ping_status":"open","template":"","meta":{"_uag_custom_page_level_css":"","site-sidebar-layout":"default","site-content-layout":"","ast-site-content-layout":"default","site-content-style":"default","site-sidebar-style":"default","ast-global-header-display":"","ast-banner-title-visibility":"","ast-main-header-display":"","ast-hfb-above-header-display":"","ast-hfb-below-header-display":"","ast-hfb-mobile-header-display":"","site-post-title":"disabled","ast-breadcrumbs-content":"","ast-featured-img":"","footer-sml-layout":"","ast-disable-related-posts":"","theme-transparent-header-meta":"","adv-header-id-meta":"","stick-header-meta":"","header-above-stick-meta":"","header-main-stick-meta":"","header-below-stick-meta":"","astra-migrate-meta-layouts":"default","ast-page-background-enabled":"default","ast-page-background-meta":{"desktop":{"background-color":"var(--ast-global-color-5)","background-image":"","background-repeat":"repeat","background-position":"center center","background-size":"auto","background-attachment":"scroll","background-type":"","background-media":"","overlay-type":"","overlay-color":"","overlay-opacity":"","overlay-gradient":""},"tablet":{"background-color":"","background-image":"","background-repeat":"repeat","background-position":"center center","background-size":"auto","background-attachment":"scroll","background-type":"","background-media":"","overlay-type":"","overlay-color":"","overlay-opacity":"","overlay-gradient":""},"mobile":{"background-color":"","background-image":"","background-repeat":"repeat","background-position":"center center","background-size":"auto","background-attachment":"scroll","background-type":"","background-media":"","overlay-type":"","overlay-color":"","overlay-opacity":"","overlay-gradient":""}},"ast-content-background-meta":{"desktop":{"background-color":"var(--ast-global-color-4)","background-image":"","background-repeat":"repeat","background-position":"center center","background-size":"auto","background-attachment":"scroll","background-type":"","background-media":"","overlay-type":"","overlay-color":"","overlay-opacity":"","overlay-gradient":""},"tablet":{"background-color":"var(--ast-global-color-4)","background-image":"","background-repeat":"repeat","background-position":"center center","background-size":"auto","background-attachment":"scroll","background-type":"","background-media":"","overlay-type":"","overlay-color":"","overlay-opacity":"","overlay-gradient":""},"mobile":{"background-color":"var(--ast-global-color-4)","background-image":"","background-repeat":"repeat","background-position":"center center","background-size":"auto","background-attachment":"scroll","background-type":"","background-media":"","overlay-type":"","overlay-color":"","overlay-opacity":"","overlay-gradient":""}},"footnotes":""},"class_list":["post-2","page","type-page","status-publish","hentry"],"uagb_featured_image_src":{"full":false,"thumbnail":false,"medium":false,"medium_large":false,"large":false,"1536x1536":false,"2048x2048":false,"trp-custom-language-flag":false},"uagb_author_info":{"display_name":"alex","author_link":"https:\/\/www.floristeriabonsai.es\/es\/author\/alex\/"},"uagb_comment_info":0,"uagb_excerpt":"Flors fresques, emocions eternes lliuraments a domicili a Lleida i arreu del m\u00f3n Qui som? Som una floristeria familiar de [&hellip;]","_links":{"self":[{"href":"https:\/\/www.floristeriabonsai.es\/es\/wp-json\/wp\/v2\/pages\/2","targetHints":{"allow":["GET"]}}],"collection":[{"href":"https:\/\/www.floristeriabonsai.es\/es\/wp-json\/wp\/v2\/pages"}],"about":[{"href":"https:\/\/www.floristeriabonsai.es\/es\/wp-json\/wp\/v2\/types\/page"}],"author":[{"embeddable":true,"href":"https:\/\/www.floristeriabonsai.es\/es\/wp-json\/wp\/v2\/users\/1"}],"replies":[{"embeddable":true,"href":"https:\/\/www.floristeriabonsai.es\/es\/wp-json\/wp\/v2\/comments?post=2"}],"version-history":[{"count":27,"href":"https:\/\/www.floristeriabonsai.es\/es\/wp-json\/wp\/v2\/pages\/2\/revisions"}],"predecessor-version":[{"id":66,"href":"https:\/\/www.floristeriabonsai.es\/es\/wp-json\/wp\/v2\/pages\/2\/revisions\/66"}],"wp:attachment":[{"href":"https:\/\/www.floristeriabonsai.es\/es\/wp-json\/wp\/v2\/media?parent=2"}],"curies":[{"name":"wp","href":"https:\/\/api.w.org\/{rel}","templated":true}]}}