{"id":49,"date":"2025-11-11T16:22:58","date_gmt":"2025-11-11T16:22:58","guid":{"rendered":"http:\/\/www.floristeriabonsai.es\/?page_id=49"},"modified":"2025-11-11T16:26:50","modified_gmt":"2025-11-11T16:26:50","slug":"flors-i-centres-florals","status":"publish","type":"page","link":"https:\/\/www.floristeriabonsai.es\/es\/flors-i-centres-florals\/","title":{"rendered":"Flores y centros florales"},"content":{"rendered":"<div class=\"wp-block-uagb-container uagb-block-650a2071 alignfull uagb-is-root-container\"><div class=\"uagb-container-inner-blocks-wrap\">\n<div class=\"wp-block-uagb-advanced-heading uagb-block-8230ecc3\"><h1 class=\"uagb-heading-text\">Flores y centros florales<\/h1><\/div>\n<\/div><\/div>\n\n\n\n<p>Las flores son nuestro lenguaje m\u00e1s hermoso. En nuestra florister\u00eda de Lleida trabajamos con flores naturales de m\u00e1xima calidad, seleccionadas a diario para ofrecerte ramos y composiciones llenas de color, frescura y emoci\u00f3n.<\/p>\n\n\n\n<div class=\"wp-block-uagb-container uagb-block-ad4b7593 alignfull uagb-is-root-container\"><div class=\"uagb-container-inner-blocks-wrap\">\n<div class=\"wp-block-uagb-container uagb-block-a46d550c\">\n<p style=\"margin-top:0;margin-bottom:0\" class=\"translation-block\">Creamos <strong>ramos personalizados<\/strong> para todo tipo de ocasiones: cumplea\u00f1os, nacimientos, bodas, agradecimientos o simplemente por hacer feliz a alguien especial. Cada ramo es \u00fanico, elaborado con sensibilidad y pasi\u00f3n por el arte floral.<\/p>\n\n\n\n<p style=\"margin-top:0;margin-bottom:0\" class=\"translation-block\">Tambi\u00e9n dise\u00f1amos <strong>centros florales<\/strong> adaptados a cada espacio: para decorar mesas, recepciones o rincones especiales, tanto con flores naturales como con flores secas o preservadas.<\/p>\n\n\n\n<p style=\"margin-top:0;margin-bottom:0\" class=\"translation-block\">Si prefieres una opci\u00f3n duradera, disponemos de una amplia selecci\u00f3n de <strong>flores preservadas y artificiales<\/strong>, que mantienen su belleza durante mucho tiempo sin necesidad de mantenimiento. Ideales para oficinas, comercios o regalos decorativos.<\/p>\n<\/div>\n\n\n\n<div class=\"wp-block-uagb-container uagb-block-2d00a6d9\">\n<figure class=\"wp-block-image size-large\"><img loading=\"lazy\" decoding=\"async\" width=\"1024\" height=\"1024\" src=\"http:\/\/www.floristeriabonsai.es\/wp-content\/uploads\/2025\/11\/Flors-1024x1024.webp\" alt=\"\" class=\"wp-image-55\" srcset=\"https:\/\/www.floristeriabonsai.es\/wp-content\/uploads\/2025\/11\/Flors-1024x1024.webp 1024w, https:\/\/www.floristeriabonsai.es\/wp-content\/uploads\/2025\/11\/Flors-300x300.webp 300w, https:\/\/www.floristeriabonsai.es\/wp-content\/uploads\/2025\/11\/Flors-150x150.webp 150w, https:\/\/www.floristeriabonsai.es\/wp-content\/uploads\/2025\/11\/Flors-768x768.webp 768w, https:\/\/www.floristeriabonsai.es\/wp-content\/uploads\/2025\/11\/Flors-1536x1536.webp 1536w, https:\/\/www.floristeriabonsai.es\/wp-content\/uploads\/2025\/11\/Flors.webp 1920w\" sizes=\"auto, (max-width: 1024px) 100vw, 1024px\" \/><\/figure>\n<\/div>\n<\/div><\/div>","protected":false},"excerpt":{"rendered":"<p>Flors i centres florals Les flors s\u00f3n el nostre llenguatge m\u00e9s bonic. A la nostra floristeria de Lleida treballem amb [&hellip;]<\/p>","protected":false},"author":1,"featured_media":0,"parent":0,"menu_order":0,"comment_status":"closed","ping_status":"closed","template":"","meta":{"_uag_custom_page_level_css":"","site-sidebar-layout":"default","site-content-layout":"","ast-site-content-layout":"default","site-content-style":"default","site-sidebar-style":"default","ast-global-header-display":"","ast-banner-title-visibility":"","ast-main-header-display":"","ast-hfb-above-header-display":"","ast-hfb-below-header-display":"","ast-hfb-mobile-header-display":"","site-post-title":"disabled","ast-breadcrumbs-content":"","ast-featured-img":"","footer-sml-layout":"","ast-disable-related-posts":"","theme-transparent-header-meta":"","adv-header-id-meta":"","stick-header-meta":"","header-above-stick-meta":"","header-main-stick-meta":"","header-below-stick-meta":"","astra-migrate-meta-layouts":"default","ast-page-background-enabled":"default","ast-page-background-meta":{"desktop":{"background-color":"var(--ast-global-color-5)","background-image":"","background-repeat":"repeat","background-position":"center center","background-size":"auto","background-attachment":"scroll","background-type":"","background-media":"","overlay-type":"","overlay-color":"","overlay-opacity":"","overlay-gradient":""},"tablet":{"background-color":"","background-image":"","background-repeat":"repeat","background-position":"center center","background-size":"auto","background-attachment":"scroll","background-type":"","background-media":"","overlay-type":"","overlay-color":"","overlay-opacity":"","overlay-gradient":""},"mobile":{"background-color":"","background-image":"","background-repeat":"repeat","background-position":"center center","background-size":"auto","background-attachment":"scroll","background-type":"","background-media":"","overlay-type":"","overlay-color":"","overlay-opacity":"","overlay-gradient":""}},"ast-content-background-meta":{"desktop":{"background-color":"var(--ast-global-color-4)","background-image":"","background-repeat":"repeat","background-position":"center center","background-size":"auto","background-attachment":"scroll","background-type":"","background-media":"","overlay-type":"","overlay-color":"","overlay-opacity":"","overlay-gradient":""},"tablet":{"background-color":"var(--ast-global-color-4)","background-image":"","background-repeat":"repeat","background-position":"center center","background-size":"auto","background-attachment":"scroll","background-type":"","background-media":"","overlay-type":"","overlay-color":"","overlay-opacity":"","overlay-gradient":""},"mobile":{"background-color":"var(--ast-global-color-4)","background-image":"","background-repeat":"repeat","background-position":"center center","background-size":"auto","background-attachment":"scroll","background-type":"","background-media":"","overlay-type":"","overlay-color":"","overlay-opacity":"","overlay-gradient":""}},"footnotes":""},"class_list":["post-49","page","type-page","status-publish","hentry"],"uagb_featured_image_src":{"full":false,"thumbnail":false,"medium":false,"medium_large":false,"large":false,"1536x1536":false,"2048x2048":false,"trp-custom-language-flag":false},"uagb_author_info":{"display_name":"alex","author_link":"https:\/\/www.floristeriabonsai.es\/es\/author\/alex\/"},"uagb_comment_info":0,"uagb_excerpt":"Flors i centres florals Les flors s\u00f3n el nostre llenguatge m\u00e9s bonic. A la nostra floristeria de Lleida treballem amb [&hellip;]","_links":{"self":[{"href":"https:\/\/www.floristeriabonsai.es\/es\/wp-json\/wp\/v2\/pages\/49","targetHints":{"allow":["GET"]}}],"collection":[{"href":"https:\/\/www.floristeriabonsai.es\/es\/wp-json\/wp\/v2\/pages"}],"about":[{"href":"https:\/\/www.floristeriabonsai.es\/es\/wp-json\/wp\/v2\/types\/page"}],"author":[{"embeddable":true,"href":"https:\/\/www.floristeriabonsai.es\/es\/wp-json\/wp\/v2\/users\/1"}],"replies":[{"embeddable":true,"href":"https:\/\/www.floristeriabonsai.es\/es\/wp-json\/wp\/v2\/comments?post=49"}],"version-history":[{"count":5,"href":"https:\/\/www.floristeriabonsai.es\/es\/wp-json\/wp\/v2\/pages\/49\/revisions"}],"predecessor-version":[{"id":59,"href":"https:\/\/www.floristeriabonsai.es\/es\/wp-json\/wp\/v2\/pages\/49\/revisions\/59"}],"wp:attachment":[{"href":"https:\/\/www.floristeriabonsai.es\/es\/wp-json\/wp\/v2\/media?parent=49"}],"curies":[{"name":"wp","href":"https:\/\/api.w.org\/{rel}","templated":true}]}}