{"id":99,"date":"2025-11-12T17:42:10","date_gmt":"2025-11-12T17:42:10","guid":{"rendered":"http:\/\/www.floristeriabonsai.es\/?page_id=99"},"modified":"2025-11-12T17:42:10","modified_gmt":"2025-11-12T17:42:10","slug":"declaracio-daccessibilitat","status":"publish","type":"page","link":"https:\/\/www.floristeriabonsai.es\/es\/declaracio-daccessibilitat\/","title":{"rendered":"Declaraci\u00f3 d&#8217;accessibilitat"},"content":{"rendered":"<h2 class=\"wp-block-heading\"><strong>Declaraci\u00f3n de accesibilidad<\/strong><\/h2>\n\n\n\n<p><strong>Florister\u00eda Bonsai<\/strong> se compromete a hacer accesible su sitio web <strong><a href=\"https:\/\/www.floristeriabonsai.es\/es\/\">https:\/\/floristeriabonsai.es<\/a><\/strong> de conformidad con el Real Decreto 1112\/2018, de 7 de septiembre, sobre la accesibilidad de los sitios web y aplicaciones para dispositivos m\u00f3viles.<\/p>\n\n\n\n<h3 class=\"wp-block-heading\"><strong>Situaci\u00f3n de cumplimiento<\/strong><\/h3>\n\n\n\n<p>Este sitio web <strong>es parcialmente conforme<\/strong> con el Real Decreto 1112\/2018 debido a la falta de conformidad en algunos aspectos descritos a continuaci\u00f3n.<\/p>\n\n\n\n<h3 class=\"wp-block-heading\"><strong>Contenido no accesible<\/strong><\/h3>\n\n\n\n<p>El contenido que se recoge a continuaci\u00f3n no es accesible por los siguientes motivos:<\/p>\n\n\n\n<p><strong>a) Falta de conformidad con el Real Decreto 1112\/2018:<\/strong><\/p>\n\n\n\n<ul class=\"wp-block-list\">\n<li>Pueden existir algunas im\u00e1genes sin texto alternativo adecuado.<\/li>\n\n\n\n<li>Algunos elementos pueden no cumplir los criterios m\u00ednimos de contraste.<\/li>\n\n\n\n<li>Ciertos documentos descargables (como PDF) podr\u00edan no estar completamente adaptados a la normativa.<\/li>\n\n\n\n<li>Puede haber errores puntuales de estructura en encabezados o etiquetas HTML en algunas p\u00e1ginas.<\/li>\n<\/ul>\n\n\n\n<p><strong>b) Carga desproporcionada:<\/strong><br>No aplica.<\/p>\n\n\n\n<p><strong>c) Contenido que no entra dentro del \u00e1mbito de la legislaci\u00f3n aplicable:<\/strong><br>Pueden existir contenidos de terceros, como mapas o enlaces externos, que no est\u00e9n completamente adaptados a los requisitos de accesibilidad.<\/p>\n\n\n\n<h3 class=\"wp-block-heading\"><strong>Preparaci\u00f3n de esta declaraci\u00f3n de accesibilidad<\/strong><\/h3>\n\n\n\n<p>La presente declaraci\u00f3n fue preparada el <strong>12 de noviembre de 2025<\/strong>.<\/p>\n\n\n\n<p>El m\u00e9todo empleado para preparar la declaraci\u00f3n ha sido una <strong>auto-evaluaci\u00f3n<\/strong> llevada a cabo por el titular del sitio web.<\/p>\n\n\n\n<h3 class=\"wp-block-heading\"><strong>Observaciones y datos de contacto<\/strong><\/h3>\n\n\n\n<p>Si deseas comunicar incidencias o solicitar informaci\u00f3n relacionada con la accesibilidad de este sitio web, puedes hacerlo a trav\u00e9s de los siguientes medios de contacto:<\/p>\n\n\n\n<p><strong>Titular:<\/strong> Florister\u00eda Bonsai<br><strong>Responsable:<\/strong> Cristina Bonet Laseras<br><strong>Direcci\u00f3n:<\/strong> Av. Balmes 1, 25006 Lleida<br><strong>Correo electr\u00f3nico:<\/strong> <a>info@floristeriabonsai.com<\/a><br><strong>Tel\u00e9fono:<\/strong> 629 75 75 73<\/p>\n\n\n\n<h3 class=\"wp-block-heading\"><strong>Procedimiento de aplicaci\u00f3n<\/strong><\/h3>\n\n\n\n<p>Si una vez realizada una solicitud de informaci\u00f3n accesible o una queja, esta no hubiera sido resuelta satisfactoriamente, o no se hubiera obtenido respuesta, la persona interesada podr\u00e1 dirigirse a la Oficina de Atenci\u00f3n al Usuario de la Administraci\u00f3n competente, conforme establece el art\u00edculo 13 del Real Decreto 1112\/2018.<\/p>","protected":false},"excerpt":{"rendered":"<p>Declaraci\u00f3n de accesibilidad Florister\u00eda Bonsai se compromete a hacer accesible su sitio web https:\/\/floristeriabonsai.es de conformidad con el Real Decreto [&hellip;]<\/p>","protected":false},"author":1,"featured_media":0,"parent":0,"menu_order":0,"comment_status":"closed","ping_status":"closed","template":"","meta":{"_uag_custom_page_level_css":"","site-sidebar-layout":"default","site-content-layout":"","ast-site-content-layout":"default","site-content-style":"default","site-sidebar-style":"default","ast-global-header-display":"","ast-banner-title-visibility":"","ast-main-header-display":"","ast-hfb-above-header-display":"","ast-hfb-below-header-display":"","ast-hfb-mobile-header-display":"","site-post-title":"disabled","ast-breadcrumbs-content":"","ast-featured-img":"","footer-sml-layout":"","ast-disable-related-posts":"","theme-transparent-header-meta":"","adv-header-id-meta":"","stick-header-meta":"","header-above-stick-meta":"","header-main-stick-meta":"","header-below-stick-meta":"","astra-migrate-meta-layouts":"default","ast-page-background-enabled":"default","ast-page-background-meta":{"desktop":{"background-color":"var(--ast-global-color-5)","background-image":"","background-repeat":"repeat","background-position":"center center","background-size":"auto","background-attachment":"scroll","background-type":"","background-media":"","overlay-type":"","overlay-color":"","overlay-opacity":"","overlay-gradient":""},"tablet":{"background-color":"","background-image":"","background-repeat":"repeat","background-position":"center center","background-size":"auto","background-attachment":"scroll","background-type":"","background-media":"","overlay-type":"","overlay-color":"","overlay-opacity":"","overlay-gradient":""},"mobile":{"background-color":"","background-image":"","background-repeat":"repeat","background-position":"center center","background-size":"auto","background-attachment":"scroll","background-type":"","background-media":"","overlay-type":"","overlay-color":"","overlay-opacity":"","overlay-gradient":""}},"ast-content-background-meta":{"desktop":{"background-color":"var(--ast-global-color-4)","background-image":"","background-repeat":"repeat","background-position":"center center","background-size":"auto","background-attachment":"scroll","background-type":"","background-media":"","overlay-type":"","overlay-color":"","overlay-opacity":"","overlay-gradient":""},"tablet":{"background-color":"var(--ast-global-color-4)","background-image":"","background-repeat":"repeat","background-position":"center center","background-size":"auto","background-attachment":"scroll","background-type":"","background-media":"","overlay-type":"","overlay-color":"","overlay-opacity":"","overlay-gradient":""},"mobile":{"background-color":"var(--ast-global-color-4)","background-image":"","background-repeat":"repeat","background-position":"center center","background-size":"auto","background-attachment":"scroll","background-type":"","background-media":"","overlay-type":"","overlay-color":"","overlay-opacity":"","overlay-gradient":""}},"footnotes":""},"class_list":["post-99","page","type-page","status-publish","hentry"],"uagb_featured_image_src":{"full":false,"thumbnail":false,"medium":false,"medium_large":false,"large":false,"1536x1536":false,"2048x2048":false,"trp-custom-language-flag":false},"uagb_author_info":{"display_name":"alex","author_link":"https:\/\/www.floristeriabonsai.es\/es\/author\/alex\/"},"uagb_comment_info":0,"uagb_excerpt":"Declaraci\u00f3n de accesibilidad Florister\u00eda Bonsai se compromete a hacer accesible su sitio web https:\/\/floristeriabonsai.es de conformidad con el Real Decreto [&hellip;]","_links":{"self":[{"href":"https:\/\/www.floristeriabonsai.es\/es\/wp-json\/wp\/v2\/pages\/99","targetHints":{"allow":["GET"]}}],"collection":[{"href":"https:\/\/www.floristeriabonsai.es\/es\/wp-json\/wp\/v2\/pages"}],"about":[{"href":"https:\/\/www.floristeriabonsai.es\/es\/wp-json\/wp\/v2\/types\/page"}],"author":[{"embeddable":true,"href":"https:\/\/www.floristeriabonsai.es\/es\/wp-json\/wp\/v2\/users\/1"}],"replies":[{"embeddable":true,"href":"https:\/\/www.floristeriabonsai.es\/es\/wp-json\/wp\/v2\/comments?post=99"}],"version-history":[{"count":1,"href":"https:\/\/www.floristeriabonsai.es\/es\/wp-json\/wp\/v2\/pages\/99\/revisions"}],"predecessor-version":[{"id":100,"href":"https:\/\/www.floristeriabonsai.es\/es\/wp-json\/wp\/v2\/pages\/99\/revisions\/100"}],"wp:attachment":[{"href":"https:\/\/www.floristeriabonsai.es\/es\/wp-json\/wp\/v2\/media?parent=99"}],"curies":[{"name":"wp","href":"https:\/\/api.w.org\/{rel}","templated":true}]}}